{"id":64,"date":"2023-01-23T18:34:06","date_gmt":"2023-01-23T17:34:06","guid":{"rendered":"https:\/\/lolobarco.online\/?page_id=64"},"modified":"2023-03-23T18:41:08","modified_gmt":"2023-03-23T17:41:08","slug":"sculptures","status":"publish","type":"page","link":"https:\/\/lolobarco.online\/en\/sculptures\/","title":{"rendered":"COLLECTIONS OF SCULPTURES"},"content":{"rendered":"<style>.kb-row-layout-id_211f80-32 > .kt-row-column-wrap{align-content:start;}:where(.kb-row-layout-id_211f80-32 > .kt-row-column-wrap) > .wp-block-kadence-column{justify-content:start;}.kb-row-layout-id_211f80-32 > .kt-row-column-wrap{column-gap:var(--global-kb-gap-md, 2rem);row-gap:var(--global-kb-gap-md, 2rem);padding-top:0px;padding-right:20px;padding-bottom:0px;padding-left:20px;grid-template-columns:minmax(0, 1fr);}.kb-row-layout-id_211f80-32 > .kt-row-layout-overlay{opacity:0.11;background-color:rgba(255, 255, 255, 0.02);}@media all and (max-width: 1024px){.kb-row-layout-id_211f80-32 > .kt-row-column-wrap{padding-top:80px;padding-bottom:0px;grid-template-columns:minmax(0, 1fr);}}@media all and (max-width: 767px){.kb-row-layout-id_211f80-32 > .kt-row-column-wrap{padding-top:135px;padding-bottom:60px;grid-template-columns:minmax(0, 1fr);}}<\/style><div class=\"kb-row-layout-wrap kb-row-layout-id_211f80-32 alignfull kt-row-has-bg wp-block-kadence-rowlayout\"><div class=\"kt-row-layout-overlay kt-row-overlay-normal\"><\/div><div class=\"kt-row-column-wrap kt-has-1-columns kt-row-layout-equal kt-tab-layout-inherit kt-mobile-layout-row kt-row-valign-top\">\n<style>.kadence-column_b708c1-53 > .kt-inside-inner-col{padding-top:30px;}.kadence-column_b708c1-53 > .kt-inside-inner-col,.kadence-column_b708c1-53 > .kt-inside-inner-col:before{border-top-left-radius:0px;border-top-right-radius:0px;border-bottom-right-radius:0px;border-bottom-left-radius:0px;}.kadence-column_b708c1-53 > .kt-inside-inner-col{column-gap:var(--global-kb-gap-sm, 1rem);}.kadence-column_b708c1-53 > .kt-inside-inner-col{flex-direction:column;}.kadence-column_b708c1-53 > .kt-inside-inner-col > .aligncenter{width:100%;}.kadence-column_b708c1-53{position:relative;}@media all and (max-width: 1024px){.kadence-column_b708c1-53 > .kt-inside-inner-col{flex-direction:column;justify-content:center;}}@media all and (max-width: 767px){.kadence-column_b708c1-53 > .kt-inside-inner-col{flex-direction:column;justify-content:center;}.kadence-column_b708c1-53, .kt-inside-inner-col > .kadence-column_b708c1-53:not(.specificity){margin-right:-5px;margin-left:-5px;}}<\/style>\n<div class=\"wp-block-kadence-column kadence-column_b708c1-53 inner-column-1\"><div class=\"kt-inside-inner-col\"><style>.kb-row-layout-id_575318-70 > .kt-row-column-wrap{align-content:start;}:where(.kb-row-layout-id_575318-70 > .kt-row-column-wrap) > .wp-block-kadence-column{justify-content:start;}.kb-row-layout-id_575318-70 > .kt-row-column-wrap{column-gap:var(--global-kb-gap-md, 2rem);row-gap:var(--global-kb-gap-md, 2rem);max-width:600px;margin-left:auto;margin-right:auto;padding-top:240px;padding-bottom:39px;grid-template-columns:minmax(0, 1fr);}.kb-row-layout-id_575318-70 > .kt-row-layout-overlay{opacity:0.30;}@media all and (max-width: 1024px){.kb-row-layout-id_575318-70 > .kt-row-column-wrap{grid-template-columns:minmax(0, 1fr);}}@media all and (max-width: 767px){.kb-row-layout-id_575318-70 > .kt-row-column-wrap{padding-top:18px;grid-template-columns:minmax(0, 1fr);}}<\/style><div class=\"kb-row-layout-wrap kb-row-layout-id_575318-70 alignwide wp-block-kadence-rowlayout\"><div class=\"kt-row-column-wrap kt-has-1-columns kt-row-layout-equal kt-tab-layout-inherit kt-mobile-layout-row kt-row-valign-top\">\n<style>.kadence-column_6f2a90-40 > .kt-inside-inner-col{padding-top:0px;padding-right:0px;padding-bottom:0px;padding-left:0px;}.kadence-column_6f2a90-40 > .kt-inside-inner-col,.kadence-column_6f2a90-40 > .kt-inside-inner-col:before{border-top-left-radius:0px;border-top-right-radius:0px;border-bottom-right-radius:0px;border-bottom-left-radius:0px;}.kadence-column_6f2a90-40 > .kt-inside-inner-col{column-gap:var(--global-kb-gap-sm, 1rem);}.kadence-column_6f2a90-40 > .kt-inside-inner-col{flex-direction:column;}.kadence-column_6f2a90-40 > .kt-inside-inner-col > .aligncenter{width:100%;}.kadence-column_6f2a90-40 > .kt-inside-inner-col:before{opacity:0.3;}.kadence-column_6f2a90-40{text-align:center;}.kadence-column_6f2a90-40{position:relative;}@media all and (max-width: 1024px){.kadence-column_6f2a90-40 > .kt-inside-inner-col{flex-direction:column;justify-content:center;}}@media all and (max-width: 767px){.kadence-column_6f2a90-40 > .kt-inside-inner-col{flex-direction:column;justify-content:center;}.kadence-column_6f2a90-40, .kt-inside-inner-col > .kadence-column_6f2a90-40:not(.specificity){margin-right:5px;margin-bottom:50px;margin-left:5px;}}<\/style>\n<div class=\"wp-block-kadence-column kadence-column_6f2a90-40 kb-section-dir-vertical kb-section-sm-dir-vertical inner-column-1\"><div class=\"kt-inside-inner-col\"><style>.wp-block-kadence-advancedheading.kt-adv-heading_3ea5e9-e5, .wp-block-kadence-advancedheading.kt-adv-heading_3ea5e9-e5[data-kb-block=\"kb-adv-heading_3ea5e9-e5\"]{text-align:center;font-size:45px;font-weight:400;font-style:normal;font-family:'Sorts Mill Goudy';text-transform:uppercase;}.wp-block-kadence-advancedheading.kt-adv-heading_3ea5e9-e5 mark.kt-highlight, .wp-block-kadence-advancedheading.kt-adv-heading_3ea5e9-e5[data-kb-block=\"kb-adv-heading_3ea5e9-e5\"] mark.kt-highlight{font-style:normal;color:#f76a0c;-webkit-box-decoration-break:clone;box-decoration-break:clone;padding-top:0px;padding-right:0px;padding-bottom:0px;padding-left:0px;}.wp-block-kadence-advancedheading.kt-adv-heading_3ea5e9-e5 img.kb-inline-image, .wp-block-kadence-advancedheading.kt-adv-heading_3ea5e9-e5[data-kb-block=\"kb-adv-heading_3ea5e9-e5\"] img.kb-inline-image{width:150px;vertical-align:baseline;}@media all and (max-width: 767px){.wp-block-kadence-advancedheading.kt-adv-heading_3ea5e9-e5, .wp-block-kadence-advancedheading.kt-adv-heading_3ea5e9-e5[data-kb-block=\"kb-adv-heading_3ea5e9-e5\"]{margin-right:50px;margin-left:50px;font-size:30px;text-align:center!important;}}<\/style>\n<h1 class=\"kt-adv-heading_3ea5e9-e5 wp-block-kadence-advancedheading has-kb-palette-12-color has-text-color\" data-kb-block=\"kb-adv-heading_3ea5e9-e5\">COLLECTIONS des SCULPTURES<\/h1>\n\n\n\n<p style=\"padding-top:0px;padding-right:40px;padding-bottom:0px;padding-left:40px;font-size:18px;font-style:italic;font-weight:500\">Mon regard a guid\u00e9 mes mains et mes mains ont fa\u00e7onn\u00e9 et traduit avec \u00e2me et personnalit\u00e9.<\/p>\n<\/div><\/div>\n\n<\/div><\/div><\/div><\/div>\n\n<\/div><\/div>\n\n<style>.kb-row-layout-id_6bda1b-c3 > .kt-row-column-wrap{align-content:start;}:where(.kb-row-layout-id_6bda1b-c3 > .kt-row-column-wrap) > .wp-block-kadence-column{justify-content:start;}.kb-row-layout-id_6bda1b-c3 > .kt-row-column-wrap{column-gap:var(--global-kb-gap-md, 2rem);row-gap:var(--global-kb-gap-md, 2rem);max-width:var( --global-content-width, 1278px );padding-left:var(--global-content-edge-padding);padding-right:var(--global-content-edge-padding);padding-top:21px;padding-right:20px;padding-bottom:80px;padding-left:20px;grid-template-columns:minmax(0, 1fr);}.kb-row-layout-id_6bda1b-c3{background-color:rgba(255,255,255,0);}.kb-row-layout-id_6bda1b-c3 > .kt-row-layout-overlay{opacity:0.03;}@media all and (max-width: 1024px){.kb-row-layout-id_6bda1b-c3 > .kt-row-column-wrap{padding-top:60px;padding-right:150px;padding-bottom:60px;padding-left:150px;grid-template-columns:minmax(0, 1fr);}}@media all and (max-width: 767px){.kb-row-layout-id_6bda1b-c3 > .kt-row-column-wrap{padding-top:0px;padding-bottom:0px;grid-template-columns:minmax(0, 1fr);}}<\/style><div class=\"kb-row-layout-wrap kb-row-layout-id_6bda1b-c3 alignwide kt-row-has-bg wp-block-kadence-rowlayout\"><div class=\"kt-row-column-wrap kt-has-1-columns kt-row-layout-equal kt-tab-layout-inherit kt-mobile-layout-row kt-row-valign-top kb-theme-content-width\">\n<style>.kadence-column_19a6ff-f4 > .kt-inside-inner-col,.kadence-column_19a6ff-f4 > .kt-inside-inner-col:before{border-top-left-radius:0px;border-top-right-radius:0px;border-bottom-right-radius:0px;border-bottom-left-radius:0px;}.kadence-column_19a6ff-f4 > .kt-inside-inner-col{column-gap:var(--global-kb-gap-sm, 1rem);}.kadence-column_19a6ff-f4 > .kt-inside-inner-col{flex-direction:column;}.kadence-column_19a6ff-f4 > .kt-inside-inner-col > .aligncenter{width:100%;}.kadence-column_19a6ff-f4 > .kt-inside-inner-col:before{opacity:0.3;}.kadence-column_19a6ff-f4{position:relative;}@media all and (max-width: 1024px){.kadence-column_19a6ff-f4 > .kt-inside-inner-col{flex-direction:column;justify-content:center;}}@media all and (max-width: 1024px){.kadence-column_19a6ff-f4, .kt-inside-inner-col > .kadence-column_19a6ff-f4:not(.specificity){margin-top:-100px;margin-right:-90px;margin-left:-150px;}}@media all and (max-width: 767px){.kadence-column_19a6ff-f4 > .kt-inside-inner-col{flex-direction:column;justify-content:center;}.kadence-column_19a6ff-f4, .kt-inside-inner-col > .kadence-column_19a6ff-f4:not(.specificity){margin-right:-100px;margin-left:-100px;}}<\/style>\n<div class=\"wp-block-kadence-column kadence-column_19a6ff-f4 kb-section-dir-vertical kb-section-sm-dir-vertical inner-column-1\"><div class=\"kt-inside-inner-col\"><style>.kb-row-layout-wrap.wp-block-kadence-rowlayout.kb-row-layout-id_9f736a-de{margin-bottom:-30px;}.kb-row-layout-id_9f736a-de > .kt-row-column-wrap{align-content:start;}:where(.kb-row-layout-id_9f736a-de > .kt-row-column-wrap) > .wp-block-kadence-column{justify-content:start;}.kb-row-layout-id_9f736a-de > .kt-row-column-wrap{column-gap:var(--global-kb-gap-md, 2rem);row-gap:var(--global-kb-gap-md, 2rem);padding-top:60px;padding-bottom:25px;grid-template-columns:repeat(2, minmax(0, 1fr));}.kb-row-layout-id_9f736a-de > .kt-row-layout-overlay{opacity:0.30;}@media all and (max-width: 1024px){.kb-row-layout-id_9f736a-de > .kt-row-column-wrap{grid-template-columns:repeat(2, minmax(0, 1fr));}}@media all and (max-width: 767px){.kb-row-layout-id_9f736a-de > .kt-row-column-wrap{padding-top:0px;padding-bottom:0px;grid-template-columns:minmax(0, 1fr);}}<\/style><div class=\"kb-row-layout-wrap kb-row-layout-id_9f736a-de alignwide wp-block-kadence-rowlayout\"><div class=\"kt-row-column-wrap kt-has-2-columns kt-row-layout-equal kt-tab-layout-inherit kt-mobile-layout-row kt-row-valign-top\">\n<style>.kadence-column_ccf0d3-2f > .kt-inside-inner-col,.kadence-column_ccf0d3-2f > .kt-inside-inner-col:before{border-top-left-radius:0px;border-top-right-radius:0px;border-bottom-right-radius:0px;border-bottom-left-radius:0px;}.kadence-column_ccf0d3-2f > .kt-inside-inner-col{column-gap:var(--global-kb-gap-sm, 1rem);}.kadence-column_ccf0d3-2f > .kt-inside-inner-col{flex-direction:column;}.kadence-column_ccf0d3-2f > .kt-inside-inner-col > .aligncenter{width:100%;}.kadence-column_ccf0d3-2f > .kt-inside-inner-col:before{opacity:0.3;}.kadence-column_ccf0d3-2f{position:relative;}@media all and (max-width: 1024px){.kadence-column_ccf0d3-2f > .kt-inside-inner-col{flex-direction:column;justify-content:center;}}@media all and (max-width: 767px){.kadence-column_ccf0d3-2f > .kt-inside-inner-col{flex-direction:column;justify-content:center;}.kadence-column_ccf0d3-2f, .kt-inside-inner-col > .kadence-column_ccf0d3-2f:not(.specificity){margin-right:5px;margin-left:5px;}}<\/style>\n<div class=\"wp-block-kadence-column kadence-column_ccf0d3-2f kb-section-dir-vertical inner-column-1\"><div class=\"kt-inside-inner-col\"><style>.kb-image_41633d-f6 .kb-image-has-overlay:after{opacity:0.3;}<\/style>\n<figure class=\"wp-block-kadence-image kb-image_41633d-f6 size-1536x1536\"><a href=\"https:\/\/lolobarco.online\/formes-et-femmes-2\/\" class=\"kb-advanced-image-link\"><img loading=\"lazy\" decoding=\"async\" width=\"1271\" height=\"1536\" src=\"https:\/\/lolobarco.online\/wp-content\/uploads\/2023\/02\/IMG_4668-1271x1536.jpeg\" alt=\"\" class=\"kb-img wp-image-1065\" srcset=\"https:\/\/lolobarco.online\/wp-content\/uploads\/2023\/02\/IMG_4668-1271x1536.jpeg 1271w, https:\/\/lolobarco.online\/wp-content\/uploads\/2023\/02\/IMG_4668-248x300.jpeg 248w, https:\/\/lolobarco.online\/wp-content\/uploads\/2023\/02\/IMG_4668-847x1024.jpeg 847w, https:\/\/lolobarco.online\/wp-content\/uploads\/2023\/02\/IMG_4668-768x928.jpeg 768w, https:\/\/lolobarco.online\/wp-content\/uploads\/2023\/02\/IMG_4668-1694x2048.jpeg 1694w, https:\/\/lolobarco.online\/wp-content\/uploads\/2023\/02\/IMG_4668-10x12.jpeg 10w\" sizes=\"auto, (max-width: 1271px) 100vw, 1271px\" \/><\/a><\/figure>\n<\/div><\/div>\n\n\n<style>.kadence-column_2efc0b-72 > .kt-inside-inner-col{padding-top:130px;padding-right:20px;padding-left:100px;}.kadence-column_2efc0b-72 > .kt-inside-inner-col,.kadence-column_2efc0b-72 > .kt-inside-inner-col:before{border-top-left-radius:0px;border-top-right-radius:0px;border-bottom-right-radius:0px;border-bottom-left-radius:0px;}.kadence-column_2efc0b-72 > .kt-inside-inner-col{column-gap:var(--global-kb-gap-sm, 1rem);}.kadence-column_2efc0b-72 > .kt-inside-inner-col{flex-direction:column;}.kadence-column_2efc0b-72 > .kt-inside-inner-col > .aligncenter{width:100%;}.kadence-column_2efc0b-72 > .kt-inside-inner-col:before{opacity:0.3;}.kadence-column_2efc0b-72, .kadence-column_2efc0b-72 h1, .kadence-column_2efc0b-72 h2, .kadence-column_2efc0b-72 h3, .kadence-column_2efc0b-72 h4, .kadence-column_2efc0b-72 h5, .kadence-column_2efc0b-72 h6{color:#141414;}.kadence-column_2efc0b-72{position:relative;}@media all and (max-width: 1024px){.kadence-column_2efc0b-72 > .kt-inside-inner-col{flex-direction:column;justify-content:center;}}@media all and (max-width: 1024px){.kadence-column_2efc0b-72, .kt-inside-inner-col > .kadence-column_2efc0b-72:not(.specificity){margin-top:-50px;margin-right:-80px;margin-left:-100px;}}@media all and (max-width: 767px){.kadence-column_2efc0b-72 > .kt-inside-inner-col{flex-direction:column;justify-content:center;}.kadence-column_2efc0b-72, .kt-inside-inner-col > .kadence-column_2efc0b-72:not(.specificity){margin-right:-10px;margin-bottom:20px;margin-left:-80px;}}<\/style>\n<div class=\"wp-block-kadence-column kadence-column_2efc0b-72 inner-column-2\"><div class=\"kt-inside-inner-col\"><style>.wp-block-kadence-advancedheading.kt-adv-heading_e09589-5f, .wp-block-kadence-advancedheading.kt-adv-heading_e09589-5f[data-kb-block=\"kb-adv-heading_e09589-5f\"]{margin-top:-100px;font-size:30px;line-height:58px;font-weight:400;font-style:normal;font-family:'Sorts Mill Goudy';letter-spacing:0.9px;}.wp-block-kadence-advancedheading.kt-adv-heading_e09589-5f mark.kt-highlight, .wp-block-kadence-advancedheading.kt-adv-heading_e09589-5f[data-kb-block=\"kb-adv-heading_e09589-5f\"] mark.kt-highlight{font-style:normal;color:#f76a0c;-webkit-box-decoration-break:clone;box-decoration-break:clone;padding-top:0px;padding-right:0px;padding-bottom:0px;padding-left:0px;}.wp-block-kadence-advancedheading.kt-adv-heading_e09589-5f img.kb-inline-image, .wp-block-kadence-advancedheading.kt-adv-heading_e09589-5f[data-kb-block=\"kb-adv-heading_e09589-5f\"] img.kb-inline-image{width:150px;vertical-align:baseline;}@media all and (max-width: 767px){.wp-block-kadence-advancedheading.kt-adv-heading_e09589-5f, .wp-block-kadence-advancedheading.kt-adv-heading_e09589-5f[data-kb-block=\"kb-adv-heading_e09589-5f\"]{margin-right:0px;font-size:26px;text-align:center!important;}}<\/style>\n<h2 class=\"kt-adv-heading_e09589-5f wp-block-kadence-advancedheading has-kb-palette-12-color has-text-color\" data-kb-block=\"kb-adv-heading_e09589-5f\">Formes et Femmes<\/h2>\n\n\n\n<p style=\"padding-right:10px;padding-left:10px;font-size:18px\">Les sculptures de cette exposition sont des t\u00e9moignages \u00e9mouvants de la f\u00e9minit\u00e9, des expressions intimes et universelles d&rsquo;une vision artistique moderne et cr\u00e9ative. Avec une gr\u00e2ce et une d\u00e9licatesse touchantes, elles traduisent les \u00e9motions et les sentiments les plus profonds d&rsquo;une femme en des formes sculpt\u00e9es \u00e0 la fois fortes et d\u00e9licates. Chacune de ces \u0153uvres est une ode \u00e0 la sensibilit\u00e9 et \u00e0 la beaut\u00e9 de la femme, le reflet vibrant d&rsquo;une personnalit\u00e9 et d&rsquo;une vision unique, qui invite \u00e0 la contemplation et \u00e0 la r\u00e9flexion.<br><\/p>\n\n\n<style>.kadence-column_587842-b4 > .kt-inside-inner-col,.kadence-column_587842-b4 > .kt-inside-inner-col:before{border-top-left-radius:0px;border-top-right-radius:0px;border-bottom-right-radius:0px;border-bottom-left-radius:0px;}.kadence-column_587842-b4 > .kt-inside-inner-col{column-gap:var(--global-kb-gap-sm, 1rem);}.kadence-column_587842-b4 > .kt-inside-inner-col{flex-direction:column;}.kadence-column_587842-b4 > .kt-inside-inner-col > .aligncenter{width:100%;}.kadence-column_587842-b4 > .kt-inside-inner-col:before{opacity:0.3;}.kadence-column_587842-b4, .kadence-column_587842-b4 h1, .kadence-column_587842-b4 h2, .kadence-column_587842-b4 h3, .kadence-column_587842-b4 h4, .kadence-column_587842-b4 h5, .kadence-column_587842-b4 h6{color:#141414;}.kadence-column_587842-b4{position:relative;}@media all and (max-width: 1024px){.kadence-column_587842-b4 > .kt-inside-inner-col{flex-direction:column;justify-content:center;}}@media all and (max-width: 767px){.kadence-column_587842-b4 > .kt-inside-inner-col{flex-direction:column;justify-content:center;}.kadence-column_587842-b4, .kt-inside-inner-col > .kadence-column_587842-b4:not(.specificity){margin-top:10px;margin-bottom:150px;}}<\/style>\n<div class=\"wp-block-kadence-column kadence-column_587842-b4 inner-column-1\"><div class=\"kt-inside-inner-col\"><style>.wp-block-kadence-advancedbtn.kt-btns_2cba65-31, .site .entry-content .wp-block-kadence-advancedbtn.kt-btns_2cba65-31, .wp-block-kadence-advancedbtn.kb-btns_2cba65-31, .site .entry-content .wp-block-kadence-advancedbtn.kb-btns_2cba65-31{margin-top:300px;margin-right:200px;margin-bottom:200px;margin-left:200px;}.wp-block-kadence-advancedbtn.kb-btns_2cba65-31{gap:var(--global-kb-gap-xs, 0.5rem );justify-content:center;align-items:center;}.kt-btns_2cba65-31 .kt-button{font-weight:normal;font-style:normal;}@media all and (max-width: 1024px){.wp-block-kadence-advancedbtn.kt-btns_2cba65-31, .site .entry-content .wp-block-kadence-advancedbtn.kt-btns_2cba65-31, .wp-block-kadence-advancedbtn.kb-btns_2cba65-31, .site .entry-content .wp-block-kadence-advancedbtn.kb-btns_2cba65-31{margin-top:-25px;margin-right:-25px;margin-bottom:-25px;margin-left:-25px;}}@media all and (max-width: 767px){.wp-block-kadence-advancedbtn.kt-btns_2cba65-31, .site .entry-content .wp-block-kadence-advancedbtn.kt-btns_2cba65-31, .wp-block-kadence-advancedbtn.kb-btns_2cba65-31, .site .entry-content .wp-block-kadence-advancedbtn.kb-btns_2cba65-31{margin-top:-30px;margin-right:5px;margin-bottom:-30px;}.wp-block-kadence-advancedbtn.kb-btns_2cba65-31{justify-content:center;}}<\/style>\n<div class=\"wp-block-kadence-advancedbtn kb-buttons-wrap kb-btns_2cba65-31\"><style>.wp-block-kadence-advancedbtn .kb-btn_1ca8f3-9f.kb-button, ul.menu .wp-block-kadence-advancedbtn .kb-btn_1ca8f3-9f.kb-button{width:342px;}.wp-block-kadence-advancedbtn .kb-btn_1ca8f3-9f.kb-button{color:#a88d54;background:var(--global-palette3, #1A202C);font-size:16px;font-family:'Sorts Mill Goudy';font-weight:400;text-transform:uppercase;border-top-left-radius:3px;border-top-right-radius:3px;border-bottom-right-radius:3px;border-bottom-left-radius:3px;border-top:2px solid #a88d54;border-right:2px solid #a88d54;border-bottom:2px solid #a88d54;border-left:2px solid #a88d54;margin-bottom:0px;box-shadow:7px 7px 2px 0px #888888;}.kb-btn_1ca8f3-9f.kb-button .kb-svg-icon-wrap{font-size:102px;--kb-button-icon-size:102px;}.wp-block-kadence-advancedbtn .kb-btn_1ca8f3-9f.kb-button:hover, .wp-block-kadence-advancedbtn .kb-btn_1ca8f3-9f.kb-button:focus{color:#ffffff;background:#444444;border-top-color:#444444;border-top-style:solid;border-right-color:#444444;border-right-style:solid;border-bottom-color:#444444;border-bottom-style:solid;border-left-color:#444444;border-left-style:solid;}@media all and (max-width: 1024px){.wp-block-kadence-advancedbtn .kb-btn_1ca8f3-9f.kb-button{border-top:2px solid #a88d54;border-right:2px solid #a88d54;border-bottom:2px solid #a88d54;border-left:2px solid #a88d54;}}@media all and (max-width: 1024px){.wp-block-kadence-advancedbtn .kb-btn_1ca8f3-9f.kb-button:hover, .wp-block-kadence-advancedbtn .kb-btn_1ca8f3-9f.kb-button:focus{border-top-color:#444444;border-top-style:solid;border-right-color:#444444;border-right-style:solid;border-bottom-color:#444444;border-bottom-style:solid;border-left-color:#444444;border-left-style:solid;}}@media all and (max-width: 767px){.wp-block-kadence-advancedbtn .kb-btn_1ca8f3-9f.kb-button{border-top:2px solid #a88d54;border-right:2px solid #a88d54;border-bottom:2px solid #a88d54;border-left:2px solid #a88d54;}.wp-block-kadence-advancedbtn .kb-btn_1ca8f3-9f.kb-button:hover, .wp-block-kadence-advancedbtn .kb-btn_1ca8f3-9f.kb-button:focus{border-top-color:#444444;border-top-style:solid;border-right-color:#444444;border-right-style:solid;border-bottom-color:#444444;border-bottom-style:solid;border-left-color:#444444;border-left-style:solid;}}<\/style><a class=\"kb-button kt-button button kb-btn_1ca8f3-9f kt-btn-size-standard kt-btn-width-type-fixed kb-btn-global-outline  kt-btn-has-text-true kt-btn-has-svg-false  wp-block-kadence-singlebtn\" href=\"https:\/\/lolobarco.online\/formes-et-femmes-2\/\"><span class=\"kt-btn-inner-text\">Formes et Femmes<\/span><\/a><\/div>\n<\/div><\/div>\n<\/div><\/div>\n\n<\/div><\/div><\/div><\/div>\n\n<\/div><\/div>","protected":false},"excerpt":{"rendered":"<p>COLLECTIONS des SCULPTURES Mon regard a guid\u00e9 mes mains et mes mains ont fa\u00e7onn\u00e9 et traduit avec \u00e2me et personnalit\u00e9. Formes et Femmes Les sculptures de cette exposition sont des t\u00e9moignages \u00e9mouvants de la f\u00e9minit\u00e9, des expressions intimes et universelles d&rsquo;une vision artistique moderne et cr\u00e9ative. Avec une gr\u00e2ce et une d\u00e9licatesse touchantes, elles traduisent&#8230;<\/p>","protected":false},"author":1,"featured_media":0,"parent":0,"menu_order":0,"comment_status":"closed","ping_status":"closed","template":"","meta":{"_kad_post_transparent":"default","_kad_post_title":"hide","_kad_post_layout":"fullwidth","_kad_post_sidebar_id":"","_kad_post_content_style":"","_kad_post_vertical_padding":"","_kad_post_feature":"","_kad_post_feature_position":"","_kad_post_header":false,"_kad_post_footer":false,"_kad_post_classname":"","footnotes":""},"class_list":["post-64","page","type-page","status-publish","hentry"],"_links":{"self":[{"href":"https:\/\/lolobarco.online\/en\/wp-json\/wp\/v2\/pages\/64","targetHints":{"allow":["GET"]}}],"collection":[{"href":"https:\/\/lolobarco.online\/en\/wp-json\/wp\/v2\/pages"}],"about":[{"href":"https:\/\/lolobarco.online\/en\/wp-json\/wp\/v2\/types\/page"}],"author":[{"embeddable":true,"href":"https:\/\/lolobarco.online\/en\/wp-json\/wp\/v2\/users\/1"}],"replies":[{"embeddable":true,"href":"https:\/\/lolobarco.online\/en\/wp-json\/wp\/v2\/comments?post=64"}],"version-history":[{"count":50,"href":"https:\/\/lolobarco.online\/en\/wp-json\/wp\/v2\/pages\/64\/revisions"}],"predecessor-version":[{"id":3021,"href":"https:\/\/lolobarco.online\/en\/wp-json\/wp\/v2\/pages\/64\/revisions\/3021"}],"wp:attachment":[{"href":"https:\/\/lolobarco.online\/en\/wp-json\/wp\/v2\/media?parent=64"}],"curies":[{"name":"wp","href":"https:\/\/api.w.org\/{rel}","templated":true}]}}